{"id":23422694,"date":"2025-06-02T16:10:23","date_gmt":"2025-06-02T14:10:23","guid":{"rendered":"https:\/\/chez-octave.com\/?post_type=product&#038;p=23422694"},"modified":"2025-06-26T19:18:27","modified_gmt":"2025-06-26T17:18:27","slug":"t-shirt-tourmalet-copie-copie","status":"publish","type":"product","link":"https:\/\/chez-octave.com\/en\/boutique\/lifestyle-en\/t-shirt-tourmalet-copie-copie\/","title":{"rendered":"T-Shirt Tourmalet Pass"},"content":{"rendered":"<p>[et_pb_section fb_built=&#8221;1&#8243; _builder_version=&#8221;4.21.0&#8243; custom_padding=&#8221;20px||||false|false&#8221; collapsed=&#8221;off&#8221; global_colors_info=&#8221;{}&#8221;][et_pb_row _builder_version=&#8221;4.21.0&#8243; background_size=&#8221;initial&#8221; background_position=&#8221;top_left&#8221; background_repeat=&#8221;repeat&#8221; width=&#8221;100%&#8221; width_tablet=&#8221;90%&#8221; width_phone=&#8221;90%&#8221; width_last_edited=&#8221;on|tablet&#8221; custom_padding=&#8221;0px||0px||false|false&#8221; global_colors_info=&#8221;{}&#8221;][et_pb_column type=&#8221;4_4&#8243; _builder_version=&#8221;4.16&#8243; custom_padding=&#8221;|||&#8221; global_colors_info=&#8221;{}&#8221; custom_padding__hover=&#8221;|||&#8221;][et_pb_wc_breadcrumb _builder_version=&#8221;4.21.0&#8243; body_font=&#8221;Plantin||||||||&#8221; body_font_size=&#8221;15px&#8221; link_font=&#8221;|700|||||||&#8221; link_text_color=&#8221;#343434&#8243; global_colors_info=&#8221;{}&#8221;][\/et_pb_wc_breadcrumb][et_pb_wc_cart_notice _builder_version=&#8221;4.21.0&#8243; title_font=&#8221;Alternate Gothic 1||||||||&#8221; title_text_color=&#8221;#343434&#8243; title_font_size=&#8221;25px&#8221; error_font=&#8221;Alternate Gothic 1||||||||&#8221; error_text_color=&#8221;#5E1D1C&#8221; error_font_size=&#8221;22px&#8221; content_font=&#8221;Plantin||||||||&#8221; content_text_color=&#8221;#343434&#8243; background_color=&#8221;RGBA(255,255,255,0)&#8221; custom_button=&#8221;on&#8221; button_text_color=&#8221;#ffffff&#8221; button_bg_color=&#8221;#343434&#8243; button_border_color=&#8221;#343434&#8243; button_use_icon=&#8221;off&#8221; button_custom_margin=&#8221;-10px||-18px||false|false&#8221; button_custom_padding=&#8221;0px||0px||true|false&#8221; border_width_all=&#8221;2px&#8221; border_color_all=&#8221;#343434&#8243; locked=&#8221;off&#8221; global_colors_info=&#8221;{}&#8221; button_bg_color__hover_enabled=&#8221;on|hover&#8221; button_bg_color__hover=&#8221;#e2e2e2&#8243; button_bg_enable_color__hover=&#8221;on&#8221; button_text_color__hover_enabled=&#8221;on|hover&#8221; button_text_color__hover=&#8221;#343434&#8243;][\/et_pb_wc_cart_notice][\/et_pb_column][\/et_pb_row][et_pb_row column_structure=&#8221;1_2,1_2&#8243; _builder_version=&#8221;4.27.0&#8243; background_size=&#8221;initial&#8221; background_position=&#8221;top_left&#8221; background_repeat=&#8221;repeat&#8221; width=&#8221;100%&#8221; width_tablet=&#8221;90%&#8221; width_phone=&#8221;90%&#8221; width_last_edited=&#8221;on|tablet&#8221; custom_padding=&#8221;0px||||false|false&#8221; global_colors_info=&#8221;{}&#8221;][et_pb_column type=&#8221;1_2&#8243; _builder_version=&#8221;4.16&#8243; custom_padding=&#8221;|||&#8221; global_colors_info=&#8221;{}&#8221; custom_padding__hover=&#8221;|||&#8221;][et_pb_wc_images _builder_version=&#8221;4.27.2&#8243; global_colors_info=&#8221;{}&#8221;][\/et_pb_wc_images][\/et_pb_column][et_pb_column type=&#8221;1_2&#8243; _builder_version=&#8221;4.16&#8243; custom_padding=&#8221;|||&#8221; global_colors_info=&#8221;{}&#8221; custom_padding__hover=&#8221;|||&#8221;][et_pb_wc_title _builder_version=&#8221;4.27.2&#8243; header_font=&#8221;Alternate Gothic 1|||on|||||&#8221; header_font_size=&#8221;50px&#8221; custom_margin=&#8221;||10px||false|false&#8221; global_colors_info=&#8221;{}&#8221;][\/et_pb_wc_title][et_pb_text _builder_version=&#8221;4.27.4&#8243; _module_preset=&#8221;default&#8221; text_font=&#8221;Plantin||||||||&#8221; text_font_size=&#8221;18px&#8221; global_colors_info=&#8221;{}&#8221;]<\/p>\n<p>100% organic cotton<\/p>\n<p><strong>Unisex<\/strong><\/p>\n<p>[\/et_pb_text][et_pb_wc_price _builder_version=&#8221;4.21.0&#8243; body_font=&#8221;Plantin||||||||&#8221; body_text_color=&#8221;#343434&#8243; body_font_size=&#8221;35px&#8221; global_colors_info=&#8221;{}&#8221;][\/et_pb_wc_price][et_pb_wc_description _builder_version=&#8221;4.16&#8243; global_colors_info=&#8221;{}&#8221;][\/et_pb_wc_description][et_pb_wc_add_to_cart field_label_position=&#8221;inline&#8221; _builder_version=&#8221;4.21.0&#8243; fields_custom_padding=&#8221;||||false|false&#8221; field_label_font=&#8221;Alternate Gothic 1||||||||&#8221; field_label_font_size=&#8221;18px&#8221; fields_font=&#8221;Alternate Gothic 1||||||||&#8221; fields_text_align=&#8221;center&#8221; fields_font_size=&#8221;16px&#8221; dropdown_menus_font=&#8221;Plantin||||||||&#8221; custom_button=&#8221;on&#8221; button_text_size=&#8221;25px&#8221; button_text_color=&#8221;#ffffff&#8221; button_bg_color=&#8221;#000000&#8243; button_border_color=&#8221;#000000&#8243; button_font=&#8221;Alternate Gothic 1||||||||&#8221; button_use_icon=&#8221;off&#8221; hover_enabled=&#8221;1&#8243; custom_css_dropdown_menus=&#8221;margin-top: 10px;||padding: 10px 10px 10px 10px;&#8221; global_colors_info=&#8221;{}&#8221; button_bg_color__hover_enabled=&#8221;on|hover&#8221; button_bg_color__hover=&#8221;#ffffff&#8221; button_bg_enable_color__hover=&#8221;on&#8221; button_text_color__hover_enabled=&#8221;on|hover&#8221; button_text_color__hover=&#8221;#000000&#8243; button_border_color__hover_enabled=&#8221;off|hover&#8221;][\/et_pb_wc_add_to_cart][\/et_pb_column][\/et_pb_row][et_pb_row _builder_version=&#8221;4.21.0&#8243; background_size=&#8221;initial&#8221; background_position=&#8221;top_left&#8221; background_repeat=&#8221;repeat&#8221; width=&#8221;100%&#8221; width_tablet=&#8221;90%&#8221; width_phone=&#8221;90%&#8221; width_last_edited=&#8221;on|tablet&#8221; global_colors_info=&#8221;{}&#8221;][et_pb_column type=&#8221;4_4&#8243; _builder_version=&#8221;4.16&#8243; custom_padding=&#8221;|||&#8221; global_colors_info=&#8221;{}&#8221; custom_padding__hover=&#8221;|||&#8221;][et_pb_divider color=&#8221;#343434&#8243; divider_position=&#8221;center&#8221; _builder_version=&#8221;4.21.0&#8243; _module_preset=&#8221;default&#8221; global_colors_info=&#8221;{}&#8221;][\/et_pb_divider][\/et_pb_column][\/et_pb_row][et_pb_row column_structure=&#8221;1_2,1_2&#8243; _builder_version=&#8221;4.21.0&#8243; background_size=&#8221;initial&#8221; background_position=&#8221;top_left&#8221; background_repeat=&#8221;repeat&#8221; width=&#8221;100%&#8221; width_tablet=&#8221;90%&#8221; width_phone=&#8221;90%&#8221; width_last_edited=&#8221;on|tablet&#8221; global_colors_info=&#8221;{}&#8221;][et_pb_column type=&#8221;1_2&#8243; _builder_version=&#8221;4.16&#8243; custom_padding=&#8221;|||&#8221; global_colors_info=&#8221;{}&#8221; custom_padding__hover=&#8221;|||&#8221;][et_pb_text _builder_version=&#8221;4.27.4&#8243; _module_preset=&#8221;default&#8221; header_2_font=&#8221;Alternate Gothic 1|||on|||||&#8221; header_2_font_size=&#8221;40px&#8221; custom_margin=&#8221;||10px||false|false&#8221; global_colors_info=&#8221;{}&#8221;]<\/p>\n<h2>Features<\/h2>\n<p><strong>\u2022 Composition:<\/strong> 100% organic cotton<br \/><strong>\u2022 Weight:<\/strong> 0.2 kg<br \/>\u2022 Embroidered Octave chest logo<br \/>\u2022 Screen-printed design on the back<\/p>\n<p>[\/et_pb_text][\/et_pb_column][et_pb_column type=&#8221;1_2&#8243; _builder_version=&#8221;4.16&#8243; custom_padding=&#8221;|||&#8221; global_colors_info=&#8221;{}&#8221; custom_padding__hover=&#8221;|||&#8221;][et_pb_text _builder_version=&#8221;4.27.2&#8243; _module_preset=&#8221;default&#8221; link_font=&#8221;|700|||||||&#8221; header_2_font=&#8221;Alternate Gothic 1|||on|||||&#8221; header_2_font_size=&#8221;40px&#8221; custom_margin=&#8221;||10px||false|false&#8221; global_colors_info=&#8221;{}&#8221;]<\/p>\n<h2>Manufacturing<\/h2>\n<p>Design: Bagn\u00e8res-de-Bigorre, Hautes-Pyr\u00e9n\u00e9es<br \/>\nManufacturing: Bangladesh, Fear Wear certified factory (factory certified in compliance with environmental and social standards)<br \/>\nCotton origin: <a href=\"https:\/\/www.wedressfair.fr\/labels\/gots?srsltid=AfmBOoqH1Sko0NTrpc5GqvoKs_3f76PwQdu45PFaRv1h9Hr_HSivWciH\">GOTS-certified<\/a> Bangladesh<br \/>\nScreen printing: Toulouse<br \/>\n[\/et_pb_text][\/et_pb_column][\/et_pb_row][et_pb_row _builder_version=&#8221;4.21.0&#8243; background_size=&#8221;initial&#8221; background_position=&#8221;top_left&#8221; background_repeat=&#8221;repeat&#8221; width=&#8221;100%&#8221; width_tablet=&#8221;90%&#8221; width_phone=&#8221;90%&#8221; width_last_edited=&#8221;on|tablet&#8221; global_colors_info=&#8221;{}&#8221;][et_pb_column type=&#8221;4_4&#8243; _builder_version=&#8221;4.16&#8243; custom_padding=&#8221;|||&#8221; global_colors_info=&#8221;{}&#8221; custom_padding__hover=&#8221;|||&#8221;][et_pb_divider color=&#8221;#343434&#8243; divider_position=&#8221;center&#8221; _builder_version=&#8221;4.21.0&#8243; _module_preset=&#8221;default&#8221; global_colors_info=&#8221;{}&#8221;][\/et_pb_divider][et_pb_text _builder_version=&#8221;4.21.0&#8243; _module_preset=&#8221;default&#8221; header_2_font=&#8221;Alternate Gothic 1|||on|||||&#8221; header_2_font_size=&#8221;40px&#8221; locked=&#8221;off&#8221; global_colors_info=&#8221;{}&#8221;]<\/p>\n<h2>You&#8217;ll also like<\/h2>\n<p>[\/et_pb_text][et_pb_wc_upsells _builder_version=&#8221;4.27.2&#8243; global_colors_info=&#8221;{}&#8221;][\/et_pb_wc_upsells][et_pb_wc_related_products include_categories=&#8221;67&#8243; icon_hover_color=&#8221;RGBA(255,255,255,0)&#8221; hover_overlay_color=&#8221;RGBA(255,255,255,0)&#8221; show_rating=&#8221;off&#8221; _builder_version=&#8221;4.27.2&#8243; title_font_size=&#8221;0px&#8221; product_title_font=&#8221;Alternate Gothic 1||||||||&#8221; product_title_text_color=&#8221;#343434&#8243; price_font=&#8221;Plantin||||||||&#8221; price_text_color=&#8221;#343434&#8243; price_font_size=&#8221;18px&#8221; global_colors_info=&#8221;{}&#8221;][\/et_pb_wc_related_products][\/et_pb_column][\/et_pb_row][\/et_pb_section]<\/p>\n","protected":false},"excerpt":{"rendered":"<p>100% organic cotton UnisexFeatures \u2022 Composition: 100% organic cotton\u2022 Weight: 0.2 kg\u2022 Embroidered Octave chest logo\u2022 Screen-printed design on the backManufacturing Design: Bagn\u00e8res-de-Bigorre, Hautes-Pyr\u00e9n\u00e9es Manufacturing: Bangladesh, Fear Wear certified factory (factory certified in compliance with environmental and social standards) Cotton origin: GOTS-certified Bangladesh Screen printing: Toulouse You&#8217;ll also like<\/p>\n","protected":false},"featured_media":23422702,"comment_status":"open","ping_status":"closed","template":"","meta":{"_et_pb_use_builder":"on","_et_pb_old_content":"","_et_gb_content_width":""},"product_brand":[],"product_cat":[69],"product_tag":[],"class_list":{"0":"post-23422694","1":"product","2":"type-product","3":"status-publish","4":"has-post-thumbnail","6":"product_cat-lifestyle-en","7":"product_shipping_class-accessoires-en","9":"first","10":"instock","11":"shipping-taxable","12":"purchasable","13":"product-type-variable"},"yoast_head":"<!-- This site is optimized with the Yoast SEO plugin v27.3 - https:\/\/yoast.com\/product\/yoast-seo-wordpress\/ -->\n<title>Tshirt Col du Tourmalet \u2022 Lifestyle \u2022 Chez Octave Tourmalet<\/title>\n<meta name=\"description\" content=\"Discover our Octave Col du Tourmalet lifestyle t-shirts in sage or navy blue organic cotton. Show off your Octave identity in style!\" \/>\n<meta name=\"robots\" content=\"index, follow, max-snippet:-1, max-image-preview:large, max-video-preview:-1\" \/>\n<link rel=\"canonical\" href=\"https:\/\/chez-octave.com\/en\/boutique\/lifestyle-en\/t-shirt-tourmalet-copie-copie\/\" \/>\n<meta property=\"og:locale\" content=\"en_US\" \/>\n<meta property=\"og:type\" content=\"article\" \/>\n<meta property=\"og:title\" content=\"Tshirt Col du Tourmalet \u2022 Lifestyle \u2022 Chez Octave Tourmalet\" \/>\n<meta property=\"og:description\" content=\"Discover our Octave Col du Tourmalet lifestyle t-shirts in sage or navy blue organic cotton. Show off your Octave identity in style!\" \/>\n<meta property=\"og:url\" content=\"https:\/\/chez-octave.com\/en\/boutique\/lifestyle-en\/t-shirt-tourmalet-copie-copie\/\" \/>\n<meta property=\"og:site_name\" content=\"Chez Octave\" \/>\n<meta property=\"article:modified_time\" content=\"2025-06-26T17:18:27+00:00\" \/>\n<meta property=\"og:image\" content=\"https:\/\/chez-octave.com\/wp-content\/uploads\/2025\/06\/tshirts-col-du-tourmalet-sauge-et-marine-octave.webp\" \/>\n\t<meta property=\"og:image:width\" content=\"1200\" \/>\n\t<meta property=\"og:image:height\" content=\"1200\" \/>\n\t<meta property=\"og:image:type\" content=\"image\/webp\" \/>\n<meta name=\"twitter:card\" content=\"summary_large_image\" \/>\n<meta name=\"twitter:label1\" content=\"Est. reading time\" \/>\n\t<meta name=\"twitter:data1\" content=\"3 minutes\" \/>\n<script type=\"application\/ld+json\" class=\"yoast-schema-graph\">{\"@context\":\"https:\\\/\\\/schema.org\",\"@graph\":[{\"@type\":\"WebPage\",\"@id\":\"https:\\\/\\\/chez-octave.com\\\/en\\\/boutique\\\/lifestyle-en\\\/t-shirt-tourmalet-copie-copie\\\/\",\"url\":\"https:\\\/\\\/chez-octave.com\\\/en\\\/boutique\\\/lifestyle-en\\\/t-shirt-tourmalet-copie-copie\\\/\",\"name\":\"Tshirt Col du Tourmalet \u2022 Lifestyle \u2022 Chez Octave Tourmalet\",\"isPartOf\":{\"@id\":\"https:\\\/\\\/chez-octave.com\\\/en\\\/#website\"},\"primaryImageOfPage\":{\"@id\":\"https:\\\/\\\/chez-octave.com\\\/en\\\/boutique\\\/lifestyle-en\\\/t-shirt-tourmalet-copie-copie\\\/#primaryimage\"},\"image\":{\"@id\":\"https:\\\/\\\/chez-octave.com\\\/en\\\/boutique\\\/lifestyle-en\\\/t-shirt-tourmalet-copie-copie\\\/#primaryimage\"},\"thumbnailUrl\":\"https:\\\/\\\/chez-octave.com\\\/wp-content\\\/uploads\\\/2025\\\/06\\\/tshirts-col-du-tourmalet-sauge-et-marine-octave.webp\",\"datePublished\":\"2025-06-02T14:10:23+00:00\",\"dateModified\":\"2025-06-26T17:18:27+00:00\",\"description\":\"Discover our Octave Col du Tourmalet lifestyle t-shirts in sage or navy blue organic cotton. Show off your Octave identity in style!\",\"breadcrumb\":{\"@id\":\"https:\\\/\\\/chez-octave.com\\\/en\\\/boutique\\\/lifestyle-en\\\/t-shirt-tourmalet-copie-copie\\\/#breadcrumb\"},\"inLanguage\":\"en-US\",\"potentialAction\":[{\"@type\":\"ReadAction\",\"target\":[\"https:\\\/\\\/chez-octave.com\\\/en\\\/boutique\\\/lifestyle-en\\\/t-shirt-tourmalet-copie-copie\\\/\"]}]},{\"@type\":\"ImageObject\",\"inLanguage\":\"en-US\",\"@id\":\"https:\\\/\\\/chez-octave.com\\\/en\\\/boutique\\\/lifestyle-en\\\/t-shirt-tourmalet-copie-copie\\\/#primaryimage\",\"url\":\"https:\\\/\\\/chez-octave.com\\\/wp-content\\\/uploads\\\/2025\\\/06\\\/tshirts-col-du-tourmalet-sauge-et-marine-octave.webp\",\"contentUrl\":\"https:\\\/\\\/chez-octave.com\\\/wp-content\\\/uploads\\\/2025\\\/06\\\/tshirts-col-du-tourmalet-sauge-et-marine-octave.webp\",\"width\":1200,\"height\":1200,\"caption\":\"tshirts-col-du-tourmalet---sauge-et-marine---octave\"},{\"@type\":\"BreadcrumbList\",\"@id\":\"https:\\\/\\\/chez-octave.com\\\/en\\\/boutique\\\/lifestyle-en\\\/t-shirt-tourmalet-copie-copie\\\/#breadcrumb\",\"itemListElement\":[{\"@type\":\"ListItem\",\"position\":1,\"name\":\"Accueil\",\"item\":\"https:\\\/\\\/chez-octave.com\\\/en\\\/home-v2\\\/\"},{\"@type\":\"ListItem\",\"position\":2,\"name\":\"Store\",\"item\":\"https:\\\/\\\/chez-octave.com\\\/en\\\/shop\\\/\"},{\"@type\":\"ListItem\",\"position\":3,\"name\":\"T-Shirt Tourmalet Pass\"}]},{\"@type\":\"WebSite\",\"@id\":\"https:\\\/\\\/chez-octave.com\\\/en\\\/#website\",\"url\":\"https:\\\/\\\/chez-octave.com\\\/en\\\/\",\"name\":\"Chez Octave\",\"description\":\"Col du Tourmalet 1910\",\"potentialAction\":[{\"@type\":\"SearchAction\",\"target\":{\"@type\":\"EntryPoint\",\"urlTemplate\":\"https:\\\/\\\/chez-octave.com\\\/en\\\/?s={search_term_string}\"},\"query-input\":{\"@type\":\"PropertyValueSpecification\",\"valueRequired\":true,\"valueName\":\"search_term_string\"}}],\"inLanguage\":\"en-US\"}]}<\/script>\n<!-- \/ Yoast SEO plugin. -->","yoast_head_json":{"title":"Tshirt Col du Tourmalet \u2022 Lifestyle \u2022 Chez Octave Tourmalet","description":"Discover our Octave Col du Tourmalet lifestyle t-shirts in sage or navy blue organic cotton. Show off your Octave identity in style!","robots":{"index":"index","follow":"follow","max-snippet":"max-snippet:-1","max-image-preview":"max-image-preview:large","max-video-preview":"max-video-preview:-1"},"canonical":"https:\/\/chez-octave.com\/en\/boutique\/lifestyle-en\/t-shirt-tourmalet-copie-copie\/","og_locale":"en_US","og_type":"article","og_title":"Tshirt Col du Tourmalet \u2022 Lifestyle \u2022 Chez Octave Tourmalet","og_description":"Discover our Octave Col du Tourmalet lifestyle t-shirts in sage or navy blue organic cotton. Show off your Octave identity in style!","og_url":"https:\/\/chez-octave.com\/en\/boutique\/lifestyle-en\/t-shirt-tourmalet-copie-copie\/","og_site_name":"Chez Octave","article_modified_time":"2025-06-26T17:18:27+00:00","og_image":[{"width":1200,"height":1200,"url":"https:\/\/chez-octave.com\/wp-content\/uploads\/2025\/06\/tshirts-col-du-tourmalet-sauge-et-marine-octave.webp","type":"image\/webp"}],"twitter_card":"summary_large_image","twitter_misc":{"Est. reading time":"3 minutes"},"schema":{"@context":"https:\/\/schema.org","@graph":[{"@type":"WebPage","@id":"https:\/\/chez-octave.com\/en\/boutique\/lifestyle-en\/t-shirt-tourmalet-copie-copie\/","url":"https:\/\/chez-octave.com\/en\/boutique\/lifestyle-en\/t-shirt-tourmalet-copie-copie\/","name":"Tshirt Col du Tourmalet \u2022 Lifestyle \u2022 Chez Octave Tourmalet","isPartOf":{"@id":"https:\/\/chez-octave.com\/en\/#website"},"primaryImageOfPage":{"@id":"https:\/\/chez-octave.com\/en\/boutique\/lifestyle-en\/t-shirt-tourmalet-copie-copie\/#primaryimage"},"image":{"@id":"https:\/\/chez-octave.com\/en\/boutique\/lifestyle-en\/t-shirt-tourmalet-copie-copie\/#primaryimage"},"thumbnailUrl":"https:\/\/chez-octave.com\/wp-content\/uploads\/2025\/06\/tshirts-col-du-tourmalet-sauge-et-marine-octave.webp","datePublished":"2025-06-02T14:10:23+00:00","dateModified":"2025-06-26T17:18:27+00:00","description":"Discover our Octave Col du Tourmalet lifestyle t-shirts in sage or navy blue organic cotton. Show off your Octave identity in style!","breadcrumb":{"@id":"https:\/\/chez-octave.com\/en\/boutique\/lifestyle-en\/t-shirt-tourmalet-copie-copie\/#breadcrumb"},"inLanguage":"en-US","potentialAction":[{"@type":"ReadAction","target":["https:\/\/chez-octave.com\/en\/boutique\/lifestyle-en\/t-shirt-tourmalet-copie-copie\/"]}]},{"@type":"ImageObject","inLanguage":"en-US","@id":"https:\/\/chez-octave.com\/en\/boutique\/lifestyle-en\/t-shirt-tourmalet-copie-copie\/#primaryimage","url":"https:\/\/chez-octave.com\/wp-content\/uploads\/2025\/06\/tshirts-col-du-tourmalet-sauge-et-marine-octave.webp","contentUrl":"https:\/\/chez-octave.com\/wp-content\/uploads\/2025\/06\/tshirts-col-du-tourmalet-sauge-et-marine-octave.webp","width":1200,"height":1200,"caption":"tshirts-col-du-tourmalet---sauge-et-marine---octave"},{"@type":"BreadcrumbList","@id":"https:\/\/chez-octave.com\/en\/boutique\/lifestyle-en\/t-shirt-tourmalet-copie-copie\/#breadcrumb","itemListElement":[{"@type":"ListItem","position":1,"name":"Accueil","item":"https:\/\/chez-octave.com\/en\/home-v2\/"},{"@type":"ListItem","position":2,"name":"Store","item":"https:\/\/chez-octave.com\/en\/shop\/"},{"@type":"ListItem","position":3,"name":"T-Shirt Tourmalet Pass"}]},{"@type":"WebSite","@id":"https:\/\/chez-octave.com\/en\/#website","url":"https:\/\/chez-octave.com\/en\/","name":"Chez Octave","description":"Col du Tourmalet 1910","potentialAction":[{"@type":"SearchAction","target":{"@type":"EntryPoint","urlTemplate":"https:\/\/chez-octave.com\/en\/?s={search_term_string}"},"query-input":{"@type":"PropertyValueSpecification","valueRequired":true,"valueName":"search_term_string"}}],"inLanguage":"en-US"}]}},"jetpack_sharing_enabled":true,"_links":{"self":[{"href":"https:\/\/chez-octave.com\/en\/wp-json\/wp\/v2\/product\/23422694","targetHints":{"allow":["GET"]}}],"collection":[{"href":"https:\/\/chez-octave.com\/en\/wp-json\/wp\/v2\/product"}],"about":[{"href":"https:\/\/chez-octave.com\/en\/wp-json\/wp\/v2\/types\/product"}],"replies":[{"embeddable":true,"href":"https:\/\/chez-octave.com\/en\/wp-json\/wp\/v2\/comments?post=23422694"}],"wp:featuredmedia":[{"embeddable":true,"href":"https:\/\/chez-octave.com\/en\/wp-json\/wp\/v2\/media\/23422702"}],"wp:attachment":[{"href":"https:\/\/chez-octave.com\/en\/wp-json\/wp\/v2\/media?parent=23422694"}],"wp:term":[{"taxonomy":"product_brand","embeddable":true,"href":"https:\/\/chez-octave.com\/en\/wp-json\/wp\/v2\/product_brand?post=23422694"},{"taxonomy":"product_cat","embeddable":true,"href":"https:\/\/chez-octave.com\/en\/wp-json\/wp\/v2\/product_cat?post=23422694"},{"taxonomy":"product_tag","embeddable":true,"href":"https:\/\/chez-octave.com\/en\/wp-json\/wp\/v2\/product_tag?post=23422694"}],"curies":[{"name":"wp","href":"https:\/\/api.w.org\/{rel}","templated":true}]}}