{"id":23421813,"date":"2025-02-25T09:32:28","date_gmt":"2025-02-25T08:32:28","guid":{"rendered":"https:\/\/chez-octave.com\/?page_id=23421813"},"modified":"2025-11-04T13:43:47","modified_gmt":"2025-11-04T12:43:47","slug":"le-cafe-ravito","status":"publish","type":"page","link":"https:\/\/chez-octave.com\/en\/maison-octave-of-bagneres-de-bigorre\/le-cafe-ravito\/","title":{"rendered":"Le Caf\u00e9 &amp; Ravito"},"content":{"rendered":"<p>[et_pb_section fb_built=&#8221;1&#8243; custom_padding_last_edited=&#8221;on|phone&#8221; admin_label=&#8221;Intro&#8221; _builder_version=&#8221;4.27.4&#8243; _module_preset=&#8221;default&#8221; background_image=&#8221;https:\/\/chez-octave.com\/wp-content\/uploads\/2025\/02\/Bar-maison-octave-tourmalet.webp&#8221; custom_padding=&#8221;||20px||false|false&#8221; custom_padding_tablet=&#8221;||20px||false|false&#8221; custom_padding_phone=&#8221;||0px||false|false&#8221; locked=&#8221;off&#8221; global_colors_info=&#8221;{}&#8221;][et_pb_row _builder_version=&#8221;4.27.4&#8243; _module_preset=&#8221;default&#8221; width=&#8221;90%&#8221; max_width=&#8221;100%&#8221; custom_padding=&#8221;100px||||false|false&#8221; global_colors_info=&#8221;{}&#8221;][et_pb_column type=&#8221;4_4&#8243; _builder_version=&#8221;4.27.4&#8243; _module_preset=&#8221;default&#8221; global_colors_info=&#8221;{}&#8221;][et_pb_text _builder_version=&#8221;4.27.4&#8243; _module_preset=&#8221;default&#8221; text_font=&#8221;Plantin Italic||||||||&#8221; background_color=&#8221;#FFFFFF&#8221; position_origin_a=&#8221;bottom_right&#8221; text_orientation=&#8221;center&#8221; width=&#8221;300px&#8221; width_tablet=&#8221;300px&#8221; width_phone=&#8221;300px&#8221; width_last_edited=&#8221;on|phone&#8221; module_alignment=&#8221;right&#8221; custom_padding=&#8221;10px||7px||false|false&#8221; text_font_size_tablet=&#8221;&#8221; text_font_size_phone=&#8221;16px&#8221; text_font_size_last_edited=&#8221;on|phone&#8221; module_alignment_tablet=&#8221;right&#8221; module_alignment_phone=&#8221;left&#8221; module_alignment_last_edited=&#8221;on|phone&#8221; border_radii=&#8221;on|50px|50px|50px|50px&#8221; global_colors_info=&#8221;{}&#8221;]<\/p>\n<p class=\"maison\"><span>\ud83d\udccd <\/span>Maison Octave in Bagn\u00e8res-de-Bigorre<\/p>\n<p>[\/et_pb_text][\/et_pb_column][\/et_pb_row][\/et_pb_section][et_pb_section fb_built=&#8221;1&#8243; _builder_version=&#8221;4.24.2&#8243; _module_preset=&#8221;default&#8221; global_colors_info=&#8221;{}&#8221;][et_pb_row column_structure=&#8221;3_5,2_5&#8243; _builder_version=&#8221;4.27.4&#8243; _module_preset=&#8221;default&#8221; width_tablet=&#8221;&#8221; width_phone=&#8221;90%&#8221; width_last_edited=&#8221;on|phone&#8221; global_colors_info=&#8221;{}&#8221;][et_pb_column type=&#8221;3_5&#8243; _builder_version=&#8221;4.27.4&#8243; _module_preset=&#8221;default&#8221; global_colors_info=&#8221;{}&#8221;][et_pb_text _builder_version=&#8221;4.27.4&#8243; _module_preset=&#8221;default&#8221; header_font=&#8221;Alternate Gothic 1|||on|||||&#8221; header_font_size=&#8221;140px&#8221; header_font_size_tablet=&#8221;140px&#8221; header_font_size_phone=&#8221;80px&#8221; header_font_size_last_edited=&#8221;on|phone&#8221; global_colors_info=&#8221;{}&#8221;]<\/p>\n<h1>Caf\u00e9 &amp; Ravito<\/h1>\n<p>[\/et_pb_text][et_pb_text _builder_version=&#8221;4.27.4&#8243; _module_preset=&#8221;default&#8221; text_font=&#8221;Plantin||||||||&#8221; text_text_color=&#8221;#000000&#8243; text_font_size=&#8221;18px&#8221; text_line_height=&#8221;1.4em&#8221; link_font=&#8221;|700|||||||&#8221; link_text_color=&#8221;#000000&#8243; header_2_font=&#8221;Alternate Gothic 1||||||||&#8221; header_2_font_size=&#8221;50px&#8221; custom_margin_tablet=&#8221;&#8221; custom_margin_phone=&#8221;||||false|false&#8221; custom_margin_last_edited=&#8221;on|phone&#8221; text_font_size_tablet=&#8221;18px&#8221; text_font_size_phone=&#8221;16px&#8221; text_font_size_last_edited=&#8221;on|phone&#8221; text_orientation_tablet=&#8221;center&#8221; text_orientation_phone=&#8221;left&#8221; text_orientation_last_edited=&#8221;off|desktop&#8221; custom_css_free_form=&#8221;selector .attention {||  font-family: &#8216;Plantin italic&#8217;;||  margin-top: -15px;||}&#8221; locked=&#8221;off&#8221; global_colors_info=&#8221;{}&#8221; link_text_color__hover_enabled=&#8221;on|hover&#8221; link_text_color__hover=&#8221;#000000&#8243;]<\/p>\n<p>Before going for a ride, on the way down from the Tourmalet or during your day off, we welcome you to our house for a coffee, a beer or a snack. At Octave, you can enjoy small dishes and fresh, seasonal and homemade products all year round.<\/p>\n<h2>Opening hours<\/h2>\n<p>Open Tuesday to Saturday, 9 a.m. to 7 p.m.<\/p>\n<p>Lunch served Wednesday to Saturday from 12 p.m. to 2 p.m.<\/p>\n<p class=\"attention\">Please note: the menu changes every day and is announced when you order.<\/p>\n<h2>Reservation<\/h2>\n<p>By telephone on 06 98 82 91 36<\/p>\n<p>[\/et_pb_text][\/et_pb_column][et_pb_column type=&#8221;2_5&#8243; _builder_version=&#8221;4.24.2&#8243; _module_preset=&#8221;default&#8221; global_colors_info=&#8221;{}&#8221;][et_pb_image src=&#8221;https:\/\/chez-octave.com\/wp-content\/uploads\/2025\/02\/Dessert-chez-octave-tourmalet.webp&#8221; alt=&#8221;Chez-octave-caf\u00e9-\u00e0-Bagn\u00e8res-de-Bigorre&#8221; title_text=&#8221;Dessert-chez-octave-tourmalet&#8221; _builder_version=&#8221;4.27.4&#8243; _module_preset=&#8221;default&#8221; global_colors_info=&#8221;{}&#8221;][\/et_pb_image][\/et_pb_column][\/et_pb_row][et_pb_row custom_padding_last_edited=&#8221;on|phone&#8221; module_id=&#8221;prestas&#8221; _builder_version=&#8221;4.27.4&#8243; _module_preset=&#8221;default&#8221; width_tablet=&#8221;&#8221; width_phone=&#8221;90%&#8221; width_last_edited=&#8221;on|phone&#8221; custom_padding_tablet=&#8221;&#8221; custom_padding_phone=&#8221;||0px||false|false&#8221; global_colors_info=&#8221;{}&#8221;][et_pb_column type=&#8221;4_4&#8243; _builder_version=&#8221;4.24.2&#8243; _module_preset=&#8221;default&#8221; global_colors_info=&#8221;{}&#8221;][et_pb_text _builder_version=&#8221;4.27.4&#8243; _module_preset=&#8221;default&#8221; text_font=&#8221;Alternate Gothic 1||||||||&#8221; text_text_color=&#8221;#343434&#8243; text_font_size=&#8221;40px&#8221; text_line_height=&#8221;0.9em&#8221; header_2_font=&#8221;Alternate Gothic 1|||on|||||&#8221; header_2_font_size=&#8221;100px&#8221; header_2_font_size_tablet=&#8221;100px&#8221; header_2_font_size_phone=&#8221;60px&#8221; header_2_font_size_last_edited=&#8221;on|phone&#8221; custom_css_free_form=&#8221;.soustitre {||\tfont-size: 40px;||}&#8221; locked=&#8221;off&#8221; global_colors_info=&#8221;{}&#8221;]<\/p>\n<h2>The menu<\/h2>\n<p>[\/et_pb_text][\/et_pb_column][\/et_pb_row][et_pb_row column_structure=&#8221;1_2,1_2&#8243; _builder_version=&#8221;4.27.4&#8243; _module_preset=&#8221;default&#8221; width_tablet=&#8221;&#8221; width_phone=&#8221;90%&#8221; width_last_edited=&#8221;on|phone&#8221; custom_margin=&#8221;||50px||false|false&#8221; global_colors_info=&#8221;{}&#8221;][et_pb_column type=&#8221;1_2&#8243; _builder_version=&#8221;4.24.2&#8243; _module_preset=&#8221;default&#8221; global_colors_info=&#8221;{}&#8221;][et_pb_image src=&#8221;https:\/\/chez-octave.com\/wp-content\/uploads\/2025\/11\/Carte-du-resto-solide-04_11_25.webp&#8221; alt=&#8221;Carte-du-resto-solide-04_11_25&#8243; title_text=&#8221;Carte-du-resto-solide-04_11_25&#8243; show_in_lightbox=&#8221;on&#8221; _builder_version=&#8221;4.27.4&#8243; _module_preset=&#8221;default&#8221; global_colors_info=&#8221;{}&#8221;][\/et_pb_image][\/et_pb_column][et_pb_column type=&#8221;1_2&#8243; _builder_version=&#8221;4.24.2&#8243; _module_preset=&#8221;default&#8221; global_colors_info=&#8221;{}&#8221;][et_pb_image src=&#8221;https:\/\/chez-octave.com\/wp-content\/uploads\/2025\/02\/Liquide-carte-cafe-maison-octave-bagneres-de-bigorre.webp&#8221; alt=&#8221;Liquide \u2022 carte cafe\u0301 ravito chez octave tourmalet&#8221; title_text=&#8221;Beverage house coffee card octave bagneres de bigorre&#8221; show_in_lightbox=&#8221;on&#8221; _builder_version=&#8221;4.27.4&#8243; _module_preset=&#8221;default&#8221; global_colors_info=&#8221;{}&#8221;][\/et_pb_image][\/et_pb_column][\/et_pb_row][\/et_pb_section]<\/p>\n","protected":false},"excerpt":{"rendered":"<p>\ud83d\udccd Maison Octave in Bagn\u00e8res-de-BigorreCaf\u00e9 &amp; RavitoBefore going for a ride, on the way down from the Tourmalet or during your day off, we welcome you to our house for a coffee, a beer or a snack. At Octave, you can enjoy small dishes and fresh, seasonal and homemade products all year round. Opening hours [&hellip;]<\/p>\n","protected":false},"author":2,"featured_media":0,"parent":23422156,"menu_order":0,"comment_status":"closed","ping_status":"closed","template":"","meta":{"_et_pb_use_builder":"on","_et_pb_old_content":"","_et_gb_content_width":"","footnotes":""},"dipi_cpt_category":[],"class_list":["post-23421813","page","type-page","status-publish","hentry"],"yoast_head":"<!-- This site is optimized with the Yoast SEO plugin v27.3 - https:\/\/yoast.com\/product\/yoast-seo-wordpress\/ -->\n<title>Caf\u00e9 and Restaurant \u2022 Maison Octave in Bagn\u00e8res-de-Bigorre<\/title>\n<meta name=\"description\" content=\"At Octave, enjoy local cuisine and specialty coffees in a friendly atmosphere. Discover our menu and opening hours!\" \/>\n<meta name=\"robots\" content=\"index, follow, max-snippet:-1, max-image-preview:large, max-video-preview:-1\" \/>\n<link rel=\"canonical\" href=\"https:\/\/chez-octave.com\/en\/maison-octave-of-bagneres-de-bigorre\/le-cafe-ravito\/\" \/>\n<meta property=\"og:locale\" content=\"en_US\" \/>\n<meta property=\"og:type\" content=\"article\" \/>\n<meta property=\"og:title\" content=\"Caf\u00e9 and Restaurant \u2022 Maison Octave in Bagn\u00e8res-de-Bigorre\" \/>\n<meta property=\"og:description\" content=\"At Octave, enjoy local cuisine and specialty coffees in a friendly atmosphere. Discover our menu and opening hours!\" \/>\n<meta property=\"og:url\" content=\"https:\/\/chez-octave.com\/en\/maison-octave-of-bagneres-de-bigorre\/le-cafe-ravito\/\" \/>\n<meta property=\"og:site_name\" content=\"Chez Octave\" \/>\n<meta property=\"article:modified_time\" content=\"2025-11-04T12:43:47+00:00\" \/>\n<meta property=\"og:image\" content=\"https:\/\/chez-octave.com\/wp-content\/uploads\/2023\/06\/Devanture-Chez-Octave.jpg\" \/>\n\t<meta property=\"og:image:width\" content=\"1140\" \/>\n\t<meta property=\"og:image:height\" content=\"760\" \/>\n\t<meta property=\"og:image:type\" content=\"image\/jpeg\" \/>\n<meta name=\"twitter:card\" content=\"summary_large_image\" \/>\n<meta name=\"twitter:label1\" content=\"Est. reading time\" \/>\n\t<meta name=\"twitter:data1\" content=\"4 minutes\" \/>\n<script type=\"application\/ld+json\" class=\"yoast-schema-graph\">{\"@context\":\"https:\\\/\\\/schema.org\",\"@graph\":[{\"@type\":\"WebPage\",\"@id\":\"https:\\\/\\\/chez-octave.com\\\/en\\\/maison-octave-of-bagneres-de-bigorre\\\/le-cafe-ravito\\\/\",\"url\":\"https:\\\/\\\/chez-octave.com\\\/en\\\/maison-octave-of-bagneres-de-bigorre\\\/le-cafe-ravito\\\/\",\"name\":\"Caf\u00e9 and Restaurant \u2022 Maison Octave in Bagn\u00e8res-de-Bigorre\",\"isPartOf\":{\"@id\":\"https:\\\/\\\/chez-octave.com\\\/en\\\/#website\"},\"datePublished\":\"2025-02-25T08:32:28+00:00\",\"dateModified\":\"2025-11-04T12:43:47+00:00\",\"description\":\"At Octave, enjoy local cuisine and specialty coffees in a friendly atmosphere. Discover our menu and opening hours!\",\"breadcrumb\":{\"@id\":\"https:\\\/\\\/chez-octave.com\\\/en\\\/maison-octave-of-bagneres-de-bigorre\\\/le-cafe-ravito\\\/#breadcrumb\"},\"inLanguage\":\"en-US\",\"potentialAction\":[{\"@type\":\"ReadAction\",\"target\":[\"https:\\\/\\\/chez-octave.com\\\/en\\\/maison-octave-of-bagneres-de-bigorre\\\/le-cafe-ravito\\\/\"]}]},{\"@type\":\"BreadcrumbList\",\"@id\":\"https:\\\/\\\/chez-octave.com\\\/en\\\/maison-octave-of-bagneres-de-bigorre\\\/le-cafe-ravito\\\/#breadcrumb\",\"itemListElement\":[{\"@type\":\"ListItem\",\"position\":1,\"name\":\"Accueil\",\"item\":\"https:\\\/\\\/chez-octave.com\\\/en\\\/home-v2\\\/\"},{\"@type\":\"ListItem\",\"position\":2,\"name\":\"Maison Octave of Bagn\u00e8res-de-Bigorre\",\"item\":\"https:\\\/\\\/chez-octave.com\\\/en\\\/maison-octave-de-bagneres-de-bigorre\\\/\"},{\"@type\":\"ListItem\",\"position\":3,\"name\":\"Le Caf\u00e9 &amp; Ravito\"}]},{\"@type\":\"WebSite\",\"@id\":\"https:\\\/\\\/chez-octave.com\\\/en\\\/#website\",\"url\":\"https:\\\/\\\/chez-octave.com\\\/en\\\/\",\"name\":\"Chez Octave\",\"description\":\"Col du Tourmalet 1910\",\"potentialAction\":[{\"@type\":\"SearchAction\",\"target\":{\"@type\":\"EntryPoint\",\"urlTemplate\":\"https:\\\/\\\/chez-octave.com\\\/en\\\/?s={search_term_string}\"},\"query-input\":{\"@type\":\"PropertyValueSpecification\",\"valueRequired\":true,\"valueName\":\"search_term_string\"}}],\"inLanguage\":\"en-US\"}]}<\/script>\n<!-- \/ Yoast SEO plugin. -->","yoast_head_json":{"title":"Caf\u00e9 and Restaurant \u2022 Maison Octave in Bagn\u00e8res-de-Bigorre","description":"At Octave, enjoy local cuisine and specialty coffees in a friendly atmosphere. Discover our menu and opening hours!","robots":{"index":"index","follow":"follow","max-snippet":"max-snippet:-1","max-image-preview":"max-image-preview:large","max-video-preview":"max-video-preview:-1"},"canonical":"https:\/\/chez-octave.com\/en\/maison-octave-of-bagneres-de-bigorre\/le-cafe-ravito\/","og_locale":"en_US","og_type":"article","og_title":"Caf\u00e9 and Restaurant \u2022 Maison Octave in Bagn\u00e8res-de-Bigorre","og_description":"At Octave, enjoy local cuisine and specialty coffees in a friendly atmosphere. Discover our menu and opening hours!","og_url":"https:\/\/chez-octave.com\/en\/maison-octave-of-bagneres-de-bigorre\/le-cafe-ravito\/","og_site_name":"Chez Octave","article_modified_time":"2025-11-04T12:43:47+00:00","og_image":[{"width":1140,"height":760,"url":"https:\/\/chez-octave.com\/wp-content\/uploads\/2023\/06\/Devanture-Chez-Octave.jpg","type":"image\/jpeg"}],"twitter_card":"summary_large_image","twitter_misc":{"Est. reading time":"4 minutes"},"schema":{"@context":"https:\/\/schema.org","@graph":[{"@type":"WebPage","@id":"https:\/\/chez-octave.com\/en\/maison-octave-of-bagneres-de-bigorre\/le-cafe-ravito\/","url":"https:\/\/chez-octave.com\/en\/maison-octave-of-bagneres-de-bigorre\/le-cafe-ravito\/","name":"Caf\u00e9 and Restaurant \u2022 Maison Octave in Bagn\u00e8res-de-Bigorre","isPartOf":{"@id":"https:\/\/chez-octave.com\/en\/#website"},"datePublished":"2025-02-25T08:32:28+00:00","dateModified":"2025-11-04T12:43:47+00:00","description":"At Octave, enjoy local cuisine and specialty coffees in a friendly atmosphere. Discover our menu and opening hours!","breadcrumb":{"@id":"https:\/\/chez-octave.com\/en\/maison-octave-of-bagneres-de-bigorre\/le-cafe-ravito\/#breadcrumb"},"inLanguage":"en-US","potentialAction":[{"@type":"ReadAction","target":["https:\/\/chez-octave.com\/en\/maison-octave-of-bagneres-de-bigorre\/le-cafe-ravito\/"]}]},{"@type":"BreadcrumbList","@id":"https:\/\/chez-octave.com\/en\/maison-octave-of-bagneres-de-bigorre\/le-cafe-ravito\/#breadcrumb","itemListElement":[{"@type":"ListItem","position":1,"name":"Accueil","item":"https:\/\/chez-octave.com\/en\/home-v2\/"},{"@type":"ListItem","position":2,"name":"Maison Octave of Bagn\u00e8res-de-Bigorre","item":"https:\/\/chez-octave.com\/en\/maison-octave-de-bagneres-de-bigorre\/"},{"@type":"ListItem","position":3,"name":"Le Caf\u00e9 &amp; Ravito"}]},{"@type":"WebSite","@id":"https:\/\/chez-octave.com\/en\/#website","url":"https:\/\/chez-octave.com\/en\/","name":"Chez Octave","description":"Col du Tourmalet 1910","potentialAction":[{"@type":"SearchAction","target":{"@type":"EntryPoint","urlTemplate":"https:\/\/chez-octave.com\/en\/?s={search_term_string}"},"query-input":{"@type":"PropertyValueSpecification","valueRequired":true,"valueName":"search_term_string"}}],"inLanguage":"en-US"}]}},"jetpack_sharing_enabled":true,"_links":{"self":[{"href":"https:\/\/chez-octave.com\/en\/wp-json\/wp\/v2\/pages\/23421813","targetHints":{"allow":["GET"]}}],"collection":[{"href":"https:\/\/chez-octave.com\/en\/wp-json\/wp\/v2\/pages"}],"about":[{"href":"https:\/\/chez-octave.com\/en\/wp-json\/wp\/v2\/types\/page"}],"author":[{"embeddable":true,"href":"https:\/\/chez-octave.com\/en\/wp-json\/wp\/v2\/users\/2"}],"replies":[{"embeddable":true,"href":"https:\/\/chez-octave.com\/en\/wp-json\/wp\/v2\/comments?post=23421813"}],"version-history":[{"count":5,"href":"https:\/\/chez-octave.com\/en\/wp-json\/wp\/v2\/pages\/23421813\/revisions"}],"predecessor-version":[{"id":23423455,"href":"https:\/\/chez-octave.com\/en\/wp-json\/wp\/v2\/pages\/23421813\/revisions\/23423455"}],"up":[{"embeddable":true,"href":"https:\/\/chez-octave.com\/en\/wp-json\/wp\/v2\/pages\/23422156"}],"wp:attachment":[{"href":"https:\/\/chez-octave.com\/en\/wp-json\/wp\/v2\/media?parent=23421813"}],"wp:term":[{"taxonomy":"dipi_cpt_category","embeddable":true,"href":"https:\/\/chez-octave.com\/en\/wp-json\/wp\/v2\/dipi_cpt_category?post=23421813"}],"curies":[{"name":"wp","href":"https:\/\/api.w.org\/{rel}","templated":true}]}}