{"id":23419154,"date":"2024-03-26T17:46:13","date_gmt":"2024-03-26T16:46:13","guid":{"rendered":"https:\/\/chez-octave.com\/le-cafe-ravito\/"},"modified":"2025-03-04T18:34:29","modified_gmt":"2025-03-04T17:34:29","slug":"le-cafe-ravito","status":"publish","type":"page","link":"https:\/\/chez-octave.com\/en\/le-cafe-ravito\/","title":{"rendered":"Le Caf\u00e9 &amp; Ravito"},"content":{"rendered":"<p>[et_pb_section fb_built=&#8221;1&#8243; _builder_version=&#8221;4.24.2&#8243; _module_preset=&#8221;default&#8221; custom_padding=&#8221;0px||||false|false&#8221; global_colors_info=&#8221;{}&#8221;][et_pb_row column_structure=&#8221;3_5,2_5&#8243; _builder_version=&#8221;4.24.2&#8243; _module_preset=&#8221;default&#8221; custom_margin=&#8221;||75px||false|false&#8221; custom_padding=&#8221;0px||||false|false&#8221; global_colors_info=&#8221;{}&#8221;][et_pb_column type=&#8221;3_5&#8243; _builder_version=&#8221;4.24.2&#8243; _module_preset=&#8221;default&#8221; custom_padding=&#8221;100px||||false|false&#8221; global_colors_info=&#8221;{}&#8221;][et_pb_text _builder_version=&#8221;4.24.2&#8243; _module_preset=&#8221;default&#8221; header_font=&#8221;Alternate Gothic 1|||on|||||&#8221; header_font_size=&#8221;140px&#8221; global_colors_info=&#8221;{}&#8221;]<\/p>\n<h1>Coffee &amp; refreshments<\/h1>\n<p>[\/et_pb_text][et_pb_text _builder_version=&#8221;4.24.3&#8243; _module_preset=&#8221;default&#8221; text_font=&#8221;Plantin||||||||&#8221; text_text_color=&#8221;#000000&#8243; text_font_size=&#8221;18px&#8221; text_line_height=&#8221;1.4em&#8221; link_font=&#8221;|700|||||||&#8221; link_text_color=&#8221;#000000&#8243; header_2_font=&#8221;Alternate Gothic 1||||||||&#8221; header_2_font_size=&#8221;50px&#8221; custom_margin_tablet=&#8221;&#8221; custom_margin_phone=&#8221;||||false|false&#8221; custom_margin_last_edited=&#8221;on|phone&#8221; text_font_size_tablet=&#8221;18px&#8221; text_font_size_phone=&#8221;16px&#8221; text_font_size_last_edited=&#8221;on|phone&#8221; text_orientation_tablet=&#8221;center&#8221; text_orientation_phone=&#8221;left&#8221; text_orientation_last_edited=&#8221;off|desktop&#8221; locked=&#8221;off&#8221; global_colors_info=&#8221;{}&#8221; link_text_color__hover_enabled=&#8221;on|hover&#8221; link_text_color__hover=&#8221;#000000&#8243;]Before going for a ride, on the way down from the Tourmalet or during your day off, we welcome you to our house for a coffee, a beer or a snack. At Octave, you can enjoy fresh, seasonal and homemade dishes and products all year round. <\/p>\n<h2>Opening hours<\/h2>\n<p> Caf\u00e9 open Tuesday to Saturday from 9 a.m. to 7 p.m. Lunch served Wednesday to Saturday from 12 p.m. to 2 p.m. <\/p>\n<h2>Reservation<\/h2>\n<p> By telephone on 06 98 82 91 36[\/et_pb_text][\/et_pb_column][et_pb_column type=&#8221;2_5&#8243; _builder_version=&#8221;4.24.2&#8243; _module_preset=&#8221;default&#8221; global_colors_info=&#8221;{}&#8221;][et_pb_image src=&#8221;https:\/\/chez-octave.com\/wp-content\/uploads\/2024\/03\/Chez-octave-cafe-a-Bagneres-de-Bigorre.webp&#8221; alt=&#8221;Chez-octave-caf\u00e9-\u00e0-Bagn\u00e8res-de-Bigorre&#8221; title_text=&#8221;Chez-octave-caf\u00e9-\u00e0-Bagn\u00e8res-de-Bigorre&#8221; _builder_version=&#8221;4.24.2&#8243; _module_preset=&#8221;default&#8221; global_colors_info=&#8221;{}&#8221;][\/et_pb_image][\/et_pb_column][\/et_pb_row][et_pb_row module_id=&#8221;prestas&#8221; _builder_version=&#8221;4.24.2&#8243; _module_preset=&#8221;default&#8221; global_colors_info=&#8221;{}&#8221;][et_pb_column type=&#8221;4_4&#8243; _builder_version=&#8221;4.24.2&#8243; _module_preset=&#8221;default&#8221; global_colors_info=&#8221;{}&#8221;][et_pb_text _builder_version=&#8221;4.27.0&#8243; _module_preset=&#8221;default&#8221; text_font=&#8221;Alternate Gothic 1||||||||&#8221; text_text_color=&#8221;#343434&#8243; text_font_size=&#8221;40px&#8221; text_line_height=&#8221;0.9em&#8221; header_2_font=&#8221;Alternate Gothic 1|||on|||||&#8221; header_2_font_size=&#8221;100px&#8221; header_2_font_size_tablet=&#8221;100px&#8221; header_2_font_size_phone=&#8221;80px&#8221; header_2_font_size_last_edited=&#8221;on|phone&#8221; custom_css_free_form=&#8221;.soustitre {||\tfont-size: 40px;||}&#8221; locked=&#8221;off&#8221; global_colors_info=&#8221;{}&#8221;]<\/p>\n<h2>The menu<\/h2>\n<p>[\/et_pb_text][\/et_pb_column][\/et_pb_row][et_pb_row column_structure=&#8221;1_2,1_2&#8243; _builder_version=&#8221;4.24.2&#8243; _module_preset=&#8221;default&#8221; custom_margin=&#8221;||50px||false|false&#8221; global_colors_info=&#8221;{}&#8221;][et_pb_column type=&#8221;1_2&#8243; _builder_version=&#8221;4.24.2&#8243; _module_preset=&#8221;default&#8221; global_colors_info=&#8221;{}&#8221;][et_pb_image src=&#8221;https:\/\/chez-octave.com\/wp-content\/uploads\/2024\/09\/Solide-\u2022-carte-cafe-ravito-chez-octave-tourmalet.webp&#8221; alt=&#8221;Solide \u2022 carte cafe\u0301 ravito chez octave tourmalet&#8221; title_text=&#8221;Solide \u2022 carte cafe\u0301 ravito chez octave tourmalet&#8221; show_in_lightbox=&#8221;on&#8221; _builder_version=&#8221;4.27.0&#8243; _module_preset=&#8221;default&#8221; global_colors_info=&#8221;{}&#8221;][\/et_pb_image][\/et_pb_column][et_pb_column type=&#8221;1_2&#8243; _builder_version=&#8221;4.24.2&#8243; _module_preset=&#8221;default&#8221; global_colors_info=&#8221;{}&#8221;][et_pb_image src=&#8221;https:\/\/chez-octave.com\/wp-content\/uploads\/2024\/09\/Liquide-\u2022-carte-cafe-ravito-chez-octave-tourmalet.webp&#8221; alt=&#8221;Liquide \u2022 carte cafe\u0301 ravito chez octave tourmalet&#8221; title_text=&#8221;Liquide \u2022 carte cafe\u0301 ravito chez octave tourmalet&#8221; show_in_lightbox=&#8221;on&#8221; _builder_version=&#8221;4.27.0&#8243; _module_preset=&#8221;default&#8221; global_colors_info=&#8221;{}&#8221;][\/et_pb_image][\/et_pb_column][\/et_pb_row][\/et_pb_section]<\/p>\n","protected":false},"excerpt":{"rendered":"<p>Coffee &amp; refreshmentsBefore going for a ride, on the way down from the Tourmalet or during your day off, we welcome you to our house for a coffee, a beer or a snack. At Octave, you can enjoy fresh, seasonal and homemade dishes and products all year round. Opening hours Caf\u00e9 open Tuesday to Saturday [&hellip;]<\/p>\n","protected":false},"author":2,"featured_media":0,"parent":0,"menu_order":0,"comment_status":"closed","ping_status":"closed","template":"","meta":{"_et_pb_use_builder":"on","_et_pb_old_content":"","_et_gb_content_width":"","footnotes":""},"dipi_cpt_category":[],"class_list":["post-23419154","page","type-page","status-publish","hentry"],"yoast_head":"<!-- This site is optimized with the Yoast SEO plugin v27.3 - https:\/\/yoast.com\/product\/yoast-seo-wordpress\/ -->\n<title>Chez Octave<\/title>\n<meta name=\"description\" content=\"At Octave, here&#039;s a new Pyrenean project you&#039;ll be discovering very soon.\" \/>\n<meta name=\"robots\" content=\"index, follow, max-snippet:-1, max-image-preview:large, max-video-preview:-1\" \/>\n<link rel=\"canonical\" href=\"https:\/\/chez-octave.com\/en\/le-cafe-ravito\/\" \/>\n<meta property=\"og:locale\" content=\"en_US\" \/>\n<meta property=\"og:type\" content=\"article\" \/>\n<meta property=\"og:title\" content=\"Chez Octave\" \/>\n<meta property=\"og:description\" content=\"At Octave, here&#039;s a new Pyrenean project you&#039;ll be discovering very soon.\" \/>\n<meta property=\"og:url\" content=\"https:\/\/chez-octave.com\/en\/le-cafe-ravito\/\" \/>\n<meta property=\"og:site_name\" content=\"Chez Octave\" \/>\n<meta property=\"article:modified_time\" content=\"2025-03-04T17:34:29+00:00\" \/>\n<meta property=\"og:image\" content=\"https:\/\/chez-octave.com\/wp-content\/uploads\/2023\/06\/Devanture-Chez-Octave.jpg\" \/>\n\t<meta property=\"og:image:width\" content=\"1140\" \/>\n\t<meta property=\"og:image:height\" content=\"760\" \/>\n\t<meta property=\"og:image:type\" content=\"image\/jpeg\" \/>\n<meta name=\"twitter:card\" content=\"summary_large_image\" \/>\n<meta name=\"twitter:label1\" content=\"Est. reading time\" \/>\n\t<meta name=\"twitter:data1\" content=\"3 minutes\" \/>\n<script type=\"application\/ld+json\" class=\"yoast-schema-graph\">{\"@context\":\"https:\\\/\\\/schema.org\",\"@graph\":[{\"@type\":\"WebPage\",\"@id\":\"https:\\\/\\\/chez-octave.com\\\/en\\\/le-cafe-ravito\\\/\",\"url\":\"https:\\\/\\\/chez-octave.com\\\/en\\\/le-cafe-ravito\\\/\",\"name\":\"Chez Octave\",\"isPartOf\":{\"@id\":\"https:\\\/\\\/chez-octave.com\\\/en\\\/#website\"},\"datePublished\":\"2024-03-26T16:46:13+00:00\",\"dateModified\":\"2025-03-04T17:34:29+00:00\",\"description\":\"At Octave, here's a new Pyrenean project you'll be discovering very soon.\",\"breadcrumb\":{\"@id\":\"https:\\\/\\\/chez-octave.com\\\/en\\\/le-cafe-ravito\\\/#breadcrumb\"},\"inLanguage\":\"en-US\",\"potentialAction\":[{\"@type\":\"ReadAction\",\"target\":[\"https:\\\/\\\/chez-octave.com\\\/en\\\/le-cafe-ravito\\\/\"]}]},{\"@type\":\"BreadcrumbList\",\"@id\":\"https:\\\/\\\/chez-octave.com\\\/en\\\/le-cafe-ravito\\\/#breadcrumb\",\"itemListElement\":[{\"@type\":\"ListItem\",\"position\":1,\"name\":\"Accueil\",\"item\":\"https:\\\/\\\/chez-octave.com\\\/en\\\/home-v2\\\/\"},{\"@type\":\"ListItem\",\"position\":2,\"name\":\"Le Caf\u00e9 &amp; Ravito\"}]},{\"@type\":\"WebSite\",\"@id\":\"https:\\\/\\\/chez-octave.com\\\/en\\\/#website\",\"url\":\"https:\\\/\\\/chez-octave.com\\\/en\\\/\",\"name\":\"Chez Octave\",\"description\":\"Col du Tourmalet 1910\",\"potentialAction\":[{\"@type\":\"SearchAction\",\"target\":{\"@type\":\"EntryPoint\",\"urlTemplate\":\"https:\\\/\\\/chez-octave.com\\\/en\\\/?s={search_term_string}\"},\"query-input\":{\"@type\":\"PropertyValueSpecification\",\"valueRequired\":true,\"valueName\":\"search_term_string\"}}],\"inLanguage\":\"en-US\"}]}<\/script>\n<!-- \/ Yoast SEO plugin. -->","yoast_head_json":{"title":"Chez Octave","description":"At Octave, here's a new Pyrenean project you'll be discovering very soon.","robots":{"index":"index","follow":"follow","max-snippet":"max-snippet:-1","max-image-preview":"max-image-preview:large","max-video-preview":"max-video-preview:-1"},"canonical":"https:\/\/chez-octave.com\/en\/le-cafe-ravito\/","og_locale":"en_US","og_type":"article","og_title":"Chez Octave","og_description":"At Octave, here's a new Pyrenean project you'll be discovering very soon.","og_url":"https:\/\/chez-octave.com\/en\/le-cafe-ravito\/","og_site_name":"Chez Octave","article_modified_time":"2025-03-04T17:34:29+00:00","og_image":[{"width":1140,"height":760,"url":"https:\/\/chez-octave.com\/wp-content\/uploads\/2023\/06\/Devanture-Chez-Octave.jpg","type":"image\/jpeg"}],"twitter_card":"summary_large_image","twitter_misc":{"Est. reading time":"3 minutes"},"schema":{"@context":"https:\/\/schema.org","@graph":[{"@type":"WebPage","@id":"https:\/\/chez-octave.com\/en\/le-cafe-ravito\/","url":"https:\/\/chez-octave.com\/en\/le-cafe-ravito\/","name":"Chez Octave","isPartOf":{"@id":"https:\/\/chez-octave.com\/en\/#website"},"datePublished":"2024-03-26T16:46:13+00:00","dateModified":"2025-03-04T17:34:29+00:00","description":"At Octave, here's a new Pyrenean project you'll be discovering very soon.","breadcrumb":{"@id":"https:\/\/chez-octave.com\/en\/le-cafe-ravito\/#breadcrumb"},"inLanguage":"en-US","potentialAction":[{"@type":"ReadAction","target":["https:\/\/chez-octave.com\/en\/le-cafe-ravito\/"]}]},{"@type":"BreadcrumbList","@id":"https:\/\/chez-octave.com\/en\/le-cafe-ravito\/#breadcrumb","itemListElement":[{"@type":"ListItem","position":1,"name":"Accueil","item":"https:\/\/chez-octave.com\/en\/home-v2\/"},{"@type":"ListItem","position":2,"name":"Le Caf\u00e9 &amp; Ravito"}]},{"@type":"WebSite","@id":"https:\/\/chez-octave.com\/en\/#website","url":"https:\/\/chez-octave.com\/en\/","name":"Chez Octave","description":"Col du Tourmalet 1910","potentialAction":[{"@type":"SearchAction","target":{"@type":"EntryPoint","urlTemplate":"https:\/\/chez-octave.com\/en\/?s={search_term_string}"},"query-input":{"@type":"PropertyValueSpecification","valueRequired":true,"valueName":"search_term_string"}}],"inLanguage":"en-US"}]}},"jetpack_sharing_enabled":true,"_links":{"self":[{"href":"https:\/\/chez-octave.com\/en\/wp-json\/wp\/v2\/pages\/23419154","targetHints":{"allow":["GET"]}}],"collection":[{"href":"https:\/\/chez-octave.com\/en\/wp-json\/wp\/v2\/pages"}],"about":[{"href":"https:\/\/chez-octave.com\/en\/wp-json\/wp\/v2\/types\/page"}],"author":[{"embeddable":true,"href":"https:\/\/chez-octave.com\/en\/wp-json\/wp\/v2\/users\/2"}],"replies":[{"embeddable":true,"href":"https:\/\/chez-octave.com\/en\/wp-json\/wp\/v2\/comments?post=23419154"}],"version-history":[{"count":8,"href":"https:\/\/chez-octave.com\/en\/wp-json\/wp\/v2\/pages\/23419154\/revisions"}],"predecessor-version":[{"id":23422268,"href":"https:\/\/chez-octave.com\/en\/wp-json\/wp\/v2\/pages\/23419154\/revisions\/23422268"}],"wp:attachment":[{"href":"https:\/\/chez-octave.com\/en\/wp-json\/wp\/v2\/media?parent=23419154"}],"wp:term":[{"taxonomy":"dipi_cpt_category","embeddable":true,"href":"https:\/\/chez-octave.com\/en\/wp-json\/wp\/v2\/dipi_cpt_category?post=23419154"}],"curies":[{"name":"wp","href":"https:\/\/api.w.org\/{rel}","templated":true}]}}