{"id":23419133,"date":"2024-03-27T10:31:45","date_gmt":"2024-03-27T09:31:45","guid":{"rendered":"https:\/\/chez-octave.com\/about-us\/"},"modified":"2024-11-22T00:42:36","modified_gmt":"2024-11-21T23:42:36","slug":"about-us","status":"publish","type":"page","link":"https:\/\/chez-octave.com\/en\/about-us\/","title":{"rendered":"About us"},"content":{"rendered":"<p>[et_pb_section fb_built=&#8221;1&#8243; _builder_version=&#8221;4.24.2&#8243; _module_preset=&#8221;default&#8221; custom_padding=&#8221;0px||||false|false&#8221; global_colors_info=&#8221;{}&#8221;][et_pb_row column_structure=&#8221;3_5,2_5&#8243; _builder_version=&#8221;4.24.3&#8243; _module_preset=&#8221;default&#8221; width_tablet=&#8221;&#8221; width_phone=&#8221;90%&#8221; width_last_edited=&#8221;on|phone&#8221; custom_margin=&#8221;||75px||false|false&#8221; custom_padding=&#8221;0px||||false|false&#8221; global_colors_info=&#8221;{}&#8221;][et_pb_column type=&#8221;3_5&#8243; _builder_version=&#8221;4.24.2&#8243; _module_preset=&#8221;default&#8221; custom_padding=&#8221;100px||||false|false&#8221; global_colors_info=&#8221;{}&#8221;][et_pb_text _builder_version=&#8221;4.24.3&#8243; _module_preset=&#8221;default&#8221; header_font=&#8221;Alternate Gothic 1|||on|||||&#8221; header_font_size=&#8221;140px&#8221; custom_margin=&#8221;||100px||false|false&#8221; header_font_size_tablet=&#8221;140px&#8221; header_font_size_phone=&#8221;100px&#8221; header_font_size_last_edited=&#8221;on|phone&#8221; global_colors_info=&#8221;{}&#8221;]<\/p>\n<h1>About us<\/h1>\n<p>[\/et_pb_text][et_pb_text _builder_version=&#8221;4.27.2&#8243; _module_preset=&#8221;default&#8221; text_font=&#8221;Plantin||||||||&#8221; text_text_color=&#8221;#000000&#8243; text_font_size=&#8221;18px&#8221; text_line_height=&#8221;1.4em&#8221; link_font=&#8221;|700|||||||&#8221; link_text_color=&#8221;#000000&#8243; header_2_font=&#8221;Alternate Gothic 1||||||||&#8221; header_2_font_size=&#8221;50px&#8221; custom_margin_tablet=&#8221;&#8221; custom_margin_phone=&#8221;||||false|false&#8221; custom_margin_last_edited=&#8221;on|phone&#8221; text_font_size_tablet=&#8221;18px&#8221; text_font_size_phone=&#8221;16px&#8221; text_font_size_last_edited=&#8221;on|phone&#8221; text_orientation_tablet=&#8221;center&#8221; text_orientation_phone=&#8221;left&#8221; text_orientation_last_edited=&#8221;off|desktop&#8221; custom_css_free_form=&#8221;@media only screen and ( min-width: 479px ) {||  .montagne {||  font-size: 40px;||  line-height: 1.1em;||  font-family: &#8216;Plantin Italic&#8217;||}}||||@media only screen and ( max-width: 479px )  {||  .montagne {||  font-size: 30px;||  line-height: 1.1em;||  font-family: &#8216;Plantin Italic&#8217;||  }}||    \/* your css goes here *\/&#8221; locked=&#8221;off&#8221; global_colors_info=&#8221;{}&#8221; link_text_color__hover_enabled=&#8221;on|hover&#8221; link_text_color__hover=&#8221;#000000&#8243;]<\/p>\n<p><em><span class=\"montagne\">&#8220;There&#8217;s a mountain in the Pyrenees where cycling makes history.&#8221;<\/span><\/em><\/p>\n<p>At the foot of the Pic-du-Midi, under the gaze of the Giant, the Col du Tourmalet has forged the legend of cycling.<br \/>A tipping point between the valleys of Bigorre, a gateway to an authentic territory, the strength of these mountains has made men grow.<\/p>\n<p>In legend: Octave Lapize, the first cyclist to cross the Col du Tourmalet during the Tour de France in the Pyrenees in 1910.<br \/>After him, champions, shepherds, farmers, men and women who work and thrive in these valleys and then meet again on these mythical roads.<\/p>\n<p>We wanted to bring these people together.<br \/>As a tribute to Lapize, we wanted a place to live, a Maison: Chez Octave.<br \/>Here, in Bagn\u00e8res-de-Bigorre, those curious about Pyrenean adventures, cycling enthusiasts and initiates will be able to meet up and share real moments in life.<br \/>For a coffee before a ride, a meal with friends after an outing, to talk about bikes, maintain them, restore them or discover them, this house will be welcoming, and we&#8217;ll be putting our hearts into it to bring Pyrenean hospitality to life.<\/p>\n<p>Hard work, sincerity, passion, a touch of retro and an eye to the future &#8211; these are the values of this adventure.<\/p>\n<p>Octave&#8217;s Team.<\/p>\n<p>[\/et_pb_text][\/et_pb_column][et_pb_column type=&#8221;2_5&#8243; _builder_version=&#8221;4.24.2&#8243; _module_preset=&#8221;default&#8221; global_colors_info=&#8221;{}&#8221;][et_pb_image src=&#8221;https:\/\/chez-octave.com\/wp-content\/uploads\/2024\/04\/Octave-Lapize-dans-le-col-du-Tourmalet.webp&#8221; alt=&#8221;Chez-octave-caf\u00e9-\u00e0-Bagn\u00e8res-de-Bigorre&#8221; title_text=&#8221;Octave-Lapize-dans-le-col-du-Tourmalet&#8221; _builder_version=&#8221;4.24.3&#8243; _module_preset=&#8221;default&#8221; global_colors_info=&#8221;{}&#8221;][\/et_pb_image][et_pb_image src=&#8221;https:\/\/chez-octave.com\/wp-content\/uploads\/2024\/11\/Pogacar-devant-la-maison-octave-au-col-du-tourmalet.webp&#8221; alt=&#8221;Pogacar-devant-la-maison-octave-au-col-du-tourmalet&#8221; title_text=&#8221;Pogacar-devant-la-maison-octave-au-col-du-tourmalet&#8221; _builder_version=&#8221;4.27.2&#8243; _module_preset=&#8221;default&#8221; global_colors_info=&#8221;{}&#8221;][\/et_pb_image][\/et_pb_column][\/et_pb_row][et_pb_row _builder_version=&#8221;4.24.3&#8243; _module_preset=&#8221;default&#8221; width_tablet=&#8221;&#8221; width_phone=&#8221;90%&#8221; width_last_edited=&#8221;on|phone&#8221; custom_padding=&#8221;100px||100px||true|false&#8221; global_colors_info=&#8221;{}&#8221;][et_pb_column type=&#8221;4_4&#8243; _builder_version=&#8221;4.24.3&#8243; _module_preset=&#8221;default&#8221; global_colors_info=&#8221;{}&#8221;][et_pb_text _builder_version=&#8221;4.24.3&#8243; _module_preset=&#8221;default&#8221; text_font=&#8221;Alternate Gothic 1||||||||&#8221; text_text_color=&#8221;#343434&#8243; text_font_size=&#8221;40px&#8221; text_line_height=&#8221;0.9em&#8221; header_2_font=&#8221;Alternate Gothic 1|||on|||||&#8221; header_2_font_size=&#8221;100px&#8221; text_orientation=&#8221;center&#8221; header_2_font_size_tablet=&#8221;100px&#8221; header_2_font_size_phone=&#8221;80px&#8221; header_2_font_size_last_edited=&#8221;on|phone&#8221; custom_css_free_form=&#8221;.soustitre {||\tfont-size: 40px;||}&#8221; locked=&#8221;off&#8221; global_colors_info=&#8221;{}&#8221;]<\/p>\n<p>Discover the project on video<\/p>\n<p>[\/et_pb_text][et_pb_video src=&#8221;https:\/\/vimeo.com\/860087624&#8243; image_src=&#8221;\/\/i.vimeocdn.com\/video\/1718101232-e48eb5ac6fc2a0a804f12769273258b95d8eaf31a32be2fdee516705b811f6be-d_960&#8243; _builder_version=&#8221;4.24.3&#8243; _module_preset=&#8221;default&#8221; border_radii=&#8221;on|5px|5px|5px|5px&#8221; global_colors_info=&#8221;{}&#8221;][\/et_pb_video][\/et_pb_column][\/et_pb_row][et_pb_row module_id=&#8221;prestas&#8221; _builder_version=&#8221;4.24.3&#8243; _module_preset=&#8221;default&#8221; width_tablet=&#8221;&#8221; width_phone=&#8221;90%&#8221; width_last_edited=&#8221;on|phone&#8221; global_colors_info=&#8221;{}&#8221;][et_pb_column type=&#8221;4_4&#8243; _builder_version=&#8221;4.24.2&#8243; _module_preset=&#8221;default&#8221; global_colors_info=&#8221;{}&#8221;][et_pb_text _builder_version=&#8221;4.24.3&#8243; _module_preset=&#8221;default&#8221; text_font=&#8221;Alternate Gothic 1||||||||&#8221; text_text_color=&#8221;#343434&#8243; text_font_size=&#8221;40px&#8221; text_line_height=&#8221;0.9em&#8221; header_2_font=&#8221;Alternate Gothic 1|||on|||||&#8221; header_2_font_size=&#8221;100px&#8221; header_2_font_size_tablet=&#8221;100px&#8221; header_2_font_size_phone=&#8221;80px&#8221; header_2_font_size_last_edited=&#8221;on|phone&#8221; custom_css_free_form=&#8221;.soustitre {||\tfont-size: 40px;||}&#8221; locked=&#8221;off&#8221; global_colors_info=&#8221;{}&#8221;]<\/p>\n<h2>The team<\/h2>\n<p>[\/et_pb_text][\/et_pb_column][\/et_pb_row][et_pb_row column_structure=&#8221;1_4,1_4,1_4,1_4&#8243; _builder_version=&#8221;4.27.0&#8243; _module_preset=&#8221;default&#8221; width_tablet=&#8221;&#8221; width_phone=&#8221;90%&#8221; width_last_edited=&#8221;on|phone&#8221; custom_margin=&#8221;||50px||false|false&#8221; custom_margin_tablet=&#8221;||50px||false|false&#8221; custom_margin_phone=&#8221;||0px||false|false&#8221; custom_margin_last_edited=&#8221;on|phone&#8221; global_colors_info=&#8221;{}&#8221;][et_pb_column type=&#8221;1_4&#8243; _builder_version=&#8221;4.24.2&#8243; _module_preset=&#8221;default&#8221; global_colors_info=&#8221;{}&#8221;][et_pb_image src=&#8221;https:\/\/chez-octave.com\/wp-content\/uploads\/2024\/04\/Remi-Laffont-equipe-Octave-Tourmalet.webp&#8221; title_text=&#8221;R\u00e9mi Laffont teams up with Octave Tourmalet&#8221; _builder_version=&#8221;4.24.3&#8243; _module_preset=&#8221;default&#8221; global_colors_info=&#8221;{}&#8221;][\/et_pb_image][et_pb_text _builder_version=&#8221;4.24.3&#8243; _module_preset=&#8221;default&#8221; text_font=&#8221;Plantin||||||||&#8221; header_3_font=&#8221;Alternate Gothic 1||||||||&#8221; header_3_font_size=&#8221;45px&#8221; global_colors_info=&#8221;{}&#8221;]<\/p>\n<h3>R\u00e9mi<\/h3>\n<p><span class=\"fonction\">Founder<\/span><\/p>\n<p>[\/et_pb_text][\/et_pb_column][et_pb_column type=&#8221;1_4&#8243; _builder_version=&#8221;4.24.2&#8243; _module_preset=&#8221;default&#8221; global_colors_info=&#8221;{}&#8221;][et_pb_image src=&#8221;https:\/\/chez-octave.com\/wp-content\/uploads\/2024\/04\/Bruno-Armirail-equipe-Octave-Tourmalet.webp&#8221; title_text=&#8221;Bruno Armirail equips Octave Tourmalet&#8221; _builder_version=&#8221;4.24.3&#8243; _module_preset=&#8221;default&#8221; global_colors_info=&#8221;{}&#8221;][\/et_pb_image][et_pb_text _builder_version=&#8221;4.24.3&#8243; _module_preset=&#8221;default&#8221; text_font=&#8221;Plantin||||||||&#8221; header_3_font=&#8221;Alternate Gothic 1||||||||&#8221; header_3_font_size=&#8221;45px&#8221; global_colors_info=&#8221;{}&#8221;]<\/p>\n<h3>Bruno<\/h3>\n<p><span class=\"fonction\">Ambassador<\/span><br \/>Professional runner with D\u00e9cathlon AG2R La Mondiale<\/p>\n<p>[\/et_pb_text][\/et_pb_column][et_pb_column type=&#8221;1_4&#8243; _builder_version=&#8221;4.24.2&#8243; _module_preset=&#8221;default&#8221; global_colors_info=&#8221;{}&#8221;][et_pb_image src=&#8221;https:\/\/chez-octave.com\/wp-content\/uploads\/2024\/04\/Pierre-Fouquet-equipe-Octave-Tourmalet.webp&#8221; title_text=&#8221;Pierre Fouquet equips Octave Tourmalet&#8221; _builder_version=&#8221;4.24.3&#8243; _module_preset=&#8221;default&#8221; global_colors_info=&#8221;{}&#8221;][\/et_pb_image][et_pb_text _builder_version=&#8221;4.24.3&#8243; _module_preset=&#8221;default&#8221; text_font=&#8221;Plantin||||||||&#8221; header_3_font=&#8221;Alternate Gothic 1||||||||&#8221; header_3_font_size=&#8221;45px&#8221; global_colors_info=&#8221;{}&#8221;]<\/p>\n<h3>Pierre<\/h3>\n<p><span class=\"fonction\">Sales, customer relations &amp; workshop  <\/span>[\/et_pb_text][\/et_pb_column][et_pb_column type=&#8221;1_4&#8243; _builder_version=&#8221;4.27.0&#8243; _module_preset=&#8221;default&#8221; global_colors_info=&#8221;{}&#8221;][et_pb_image src=&#8221;https:\/\/chez-octave.com\/wp-content\/uploads\/2024\/04\/Laurent-equipe-Chez-Octave-Tourmalet.webp&#8221; title_text=&#8221;Laurent Chez Octave Tourmalet team&#8221; _builder_version=&#8221;4.24.3&#8243; _module_preset=&#8221;default&#8221; global_colors_info=&#8221;{}&#8221;][\/et_pb_image][et_pb_text _builder_version=&#8221;4.24.3&#8243; _module_preset=&#8221;default&#8221; text_font=&#8221;Plantin||||||||&#8221; header_3_font=&#8221;Alternate Gothic 1||||||||&#8221; header_3_font_size=&#8221;45px&#8221; global_colors_info=&#8221;{}&#8221;]<\/p>\n<h3>Laurent<\/h3>\n<p><span class=\"fonction\">Restaurant &amp; customer relations  <\/span>[\/et_pb_text][\/et_pb_column][\/et_pb_row][et_pb_row column_structure=&#8221;1_4,1_4,1_4,1_4&#8243; custom_padding_last_edited=&#8221;on|phone&#8221; _builder_version=&#8221;4.27.0&#8243; _module_preset=&#8221;default&#8221; width_tablet=&#8221;&#8221; width_phone=&#8221;90%&#8221; width_last_edited=&#8221;on|phone&#8221; custom_margin=&#8221;||50px||false|false&#8221; custom_margin_tablet=&#8221;||50px||false|false&#8221; custom_margin_phone=&#8221;||50px||false|false&#8221; custom_margin_last_edited=&#8221;on|phone&#8221; custom_padding_tablet=&#8221;&#8221; custom_padding_phone=&#8221;0px||||false|false&#8221; global_colors_info=&#8221;{}&#8221;][et_pb_column type=&#8221;1_4&#8243; _builder_version=&#8221;4.24.2&#8243; _module_preset=&#8221;default&#8221; global_colors_info=&#8221;{}&#8221;][et_pb_image src=&#8221;https:\/\/chez-octave.com\/wp-content\/uploads\/2024\/04\/Geoffrey-equipe-Chez-Octave-Tourmalet.webp&#8221; title_text=&#8221;Jeoffrey&apos;s Chez Octave Tourmalet team&#8221; _builder_version=&#8221;4.24.3&#8243; _module_preset=&#8221;default&#8221; global_colors_info=&#8221;{}&#8221;][\/et_pb_image][et_pb_text _builder_version=&#8221;4.25.0&#8243; _module_preset=&#8221;default&#8221; text_font=&#8221;Plantin||||||||&#8221; header_3_font=&#8221;Alternate Gothic 1||||||||&#8221; header_3_font_size=&#8221;45px&#8221; global_colors_info=&#8221;{}&#8221;]<\/p>\n<h3>Jeoffrey<\/h3>\n<p><span class=\"fonction\">Bike Repair<\/span><\/p>\n<p>[\/et_pb_text][\/et_pb_column][et_pb_column type=&#8221;1_4&#8243; _builder_version=&#8221;4.24.2&#8243; _module_preset=&#8221;default&#8221; global_colors_info=&#8221;{}&#8221;][et_pb_image src=&#8221;https:\/\/chez-octave.com\/wp-content\/uploads\/2024\/04\/Alex-equipe-Chez-Octave-Tourmalet.webp&#8221; title_text=&#8221;Alex Chez Octave Tourmalet team&#8221; _builder_version=&#8221;4.24.3&#8243; _module_preset=&#8221;default&#8221; global_colors_info=&#8221;{}&#8221;][\/et_pb_image][et_pb_text _builder_version=&#8221;4.24.3&#8243; _module_preset=&#8221;default&#8221; text_font=&#8221;Plantin||||||||&#8221; header_3_font=&#8221;Alternate Gothic 1||||||||&#8221; header_3_font_size=&#8221;45px&#8221; global_colors_info=&#8221;{}&#8221;]<\/p>\n<h3>Alex<\/h3>\n<p><span class=\"fonction\">Bar<\/span><\/p>\n<p>[\/et_pb_text][\/et_pb_column][et_pb_column type=&#8221;1_4&#8243; _builder_version=&#8221;4.24.2&#8243; _module_preset=&#8221;default&#8221; global_colors_info=&#8221;{}&#8221;][\/et_pb_column][et_pb_column type=&#8221;1_4&#8243; _builder_version=&#8221;4.24.2&#8243; _module_preset=&#8221;default&#8221; global_colors_info=&#8221;{}&#8221;][\/et_pb_column][\/et_pb_row][et_pb_row module_id=&#8221;prestas&#8221; _builder_version=&#8221;4.24.3&#8243; _module_preset=&#8221;default&#8221; width_tablet=&#8221;&#8221; width_phone=&#8221;90%&#8221; width_last_edited=&#8221;on|phone&#8221; global_colors_info=&#8221;{}&#8221;][et_pb_column type=&#8221;4_4&#8243; _builder_version=&#8221;4.24.2&#8243; _module_preset=&#8221;default&#8221; global_colors_info=&#8221;{}&#8221;][et_pb_text _builder_version=&#8221;4.25.0&#8243; _module_preset=&#8221;default&#8221; text_font=&#8221;Alternate Gothic 1||||||||&#8221; text_text_color=&#8221;#343434&#8243; text_font_size=&#8221;40px&#8221; text_line_height=&#8221;0.9em&#8221; header_2_font=&#8221;Alternate Gothic 1|||on|||||&#8221; header_2_font_size=&#8221;100px&#8221; header_2_font_size_tablet=&#8221;100px&#8221; header_2_font_size_phone=&#8221;80px&#8221; header_2_font_size_last_edited=&#8221;on|phone&#8221; custom_css_free_form=&#8221;.soustitre {||\tfont-size: 40px;||}&#8221; locked=&#8221;off&#8221; global_colors_info=&#8221;{}&#8221;]<\/p>\n<h2>Our partners<\/h2>\n<p>[\/et_pb_text][dipi_carousel columns=&#8221;6&#8243; space_between=&#8221;15&#8243; container_padding=&#8221;30px|0px|30px|0px|false|true&#8221; loop_wide=&#8221;on&#8221; loop_mid=&#8221;on&#8221; loop_small=&#8221;on&#8221; show_lightbox=&#8221;off&#8221; centered=&#8221;on&#8221; navigation_prev_icon_yn=&#8221;on&#8221; navigation_prev_icon=&#8221;&#x23;||divi||400&#8243; navigation_next_icon_yn=&#8221;on&#8221; navigation_next_icon=&#8221;&#x24;||divi||400&#8243; navigation_color=&#8221;#000000&#8243; navigation_bg_color=&#8221;RGBA(255,255,255,0)&#8221; columns_tablet=&#8221;3.5&#8243; columns_phone=&#8221;2.2&#8243; columns_last_edited=&#8221;on|tablet&#8221; navigation_tablet=&#8221;on&#8221; navigation_phone=&#8221;on&#8221; navigation_last_edited=&#8221;on|tablet&#8221; navigation_position_left_tablet=&#8221;&#8221; navigation_position_left_phone=&#8221;0px&#8221; navigation_position_left_last_edited=&#8221;on|phone&#8221; navigation_position_right_tablet=&#8221;&#8221; navigation_position_right_phone=&#8221;0px&#8221; navigation_position_right_last_edited=&#8221;on|phone&#8221; _builder_version=&#8221;4.25.0&#8243; _module_preset=&#8221;default&#8221; locked=&#8221;off&#8221; global_colors_info=&#8221;{}&#8221; custom_css_navigation_last_edited=&#8221;on|phone&#8221; custom_css_prev_main_navigation_last_edited=&#8221;on|phone&#8221; custom_css_prev_main_navigation_phone=&#8221;margin-top: 100px;||margin-left: 25vw;&#8221; custom_css_next_thumbs_navigation_last_edited=&#8221;on|phone&#8221; custom_css_next_thumbs_navigation_phone=&#8221;margin-top: 100px;||margin-right: 25vw;&#8221;][dipi_carousel_child label=&#8221;Occitanie&#8221; img_src=&#8221;https:\/\/chez-octave.com\/wp-content\/uploads\/2024\/05\/region-occitanieLogo-.webp&#8221; _builder_version=&#8221;4.25.0&#8243; _module_preset=&#8221;default&#8221; global_colors_info=&#8221;{}&#8221;][\/dipi_carousel_child][dipi_carousel_child label=&#8221;EDF&#8221; img_src=&#8221;https:\/\/chez-octave.com\/wp-content\/uploads\/2024\/05\/EDF-riviere-territoireLogo-.webp&#8221; _builder_version=&#8221;4.25.0&#8243; _module_preset=&#8221;default&#8221; global_colors_info=&#8221;{}&#8221;][\/dipi_carousel_child][dipi_carousel_child label=&#8221;CCHBLogo&#8221; img_src=&#8221;https:\/\/chez-octave.com\/wp-content\/uploads\/2024\/05\/CCHBLogo-.webp&#8221; _builder_version=&#8221;4.25.0&#8243; _module_preset=&#8221;default&#8221; global_colors_info=&#8221;{}&#8221;][\/dipi_carousel_child][dipi_carousel_child label=&#8221;europe leader Logo&#8221; img_src=&#8221;https:\/\/chez-octave.com\/wp-content\/uploads\/2024\/05\/erope-leaderLogo-.webp&#8221; _builder_version=&#8221;4.25.0&#8243; _module_preset=&#8221;default&#8221; global_colors_info=&#8221;{}&#8221;][\/dipi_carousel_child][dipi_carousel_child label=&#8221;france relanceLogo&#8221; img_src=&#8221;https:\/\/chez-octave.com\/wp-content\/uploads\/2024\/05\/france-relanceLogo-.webp&#8221; _builder_version=&#8221;4.25.0&#8243; _module_preset=&#8221;default&#8221; global_colors_info=&#8221;{}&#8221;][\/dipi_carousel_child][dipi_carousel_child label=&#8221;initiative pyrenees Logo&#8221; img_src=&#8221;https:\/\/chez-octave.com\/wp-content\/uploads\/2024\/05\/initiative-pyreneesLogo-.webp&#8221; _builder_version=&#8221;4.25.0&#8243; _module_preset=&#8221;default&#8221; global_colors_info=&#8221;{}&#8221;][\/dipi_carousel_child][\/dipi_carousel][\/et_pb_column][\/et_pb_row][\/et_pb_section]<\/p>\n","protected":false},"excerpt":{"rendered":"<p>About us&#8221;There&#8217;s a mountain in the Pyrenees where cycling makes history.&#8221; At the foot of the Pic-du-Midi, under the gaze of the Giant, the Col du Tourmalet has forged the legend of cycling.A tipping point between the valleys of Bigorre, a gateway to an authentic territory, the strength of these mountains has made men grow. [&hellip;]<\/p>\n","protected":false},"author":2,"featured_media":0,"parent":0,"menu_order":0,"comment_status":"closed","ping_status":"closed","template":"","meta":{"_et_pb_use_builder":"on","_et_pb_old_content":"","_et_gb_content_width":"","footnotes":""},"dipi_cpt_category":[],"class_list":["post-23419133","page","type-page","status-publish","hentry"],"yoast_head":"<!-- This site is optimized with the Yoast SEO plugin v27.4 - https:\/\/yoast.com\/product\/yoast-seo-wordpress\/ -->\n<title>About us<\/title>\n<meta name=\"description\" content=\"At Octave, here&#039;s a new Pyrenean project you&#039;ll be discovering very soon.\" \/>\n<meta name=\"robots\" content=\"index, follow, max-snippet:-1, max-image-preview:large, max-video-preview:-1\" \/>\n<link rel=\"canonical\" href=\"https:\/\/chez-octave.com\/en\/about-us\/\" \/>\n<meta property=\"og:locale\" content=\"en_US\" \/>\n<meta property=\"og:type\" content=\"article\" \/>\n<meta property=\"og:title\" content=\"About us\" \/>\n<meta property=\"og:description\" content=\"At Octave, here&#039;s a new Pyrenean project you&#039;ll be discovering very soon.\" \/>\n<meta property=\"og:url\" content=\"https:\/\/chez-octave.com\/en\/about-us\/\" \/>\n<meta property=\"og:site_name\" content=\"Chez Octave\" \/>\n<meta property=\"article:modified_time\" content=\"2024-11-21T23:42:36+00:00\" \/>\n<meta property=\"og:image\" content=\"https:\/\/chez-octave.com\/wp-content\/uploads\/2023\/06\/Devanture-Chez-Octave.jpg\" \/>\n\t<meta property=\"og:image:width\" content=\"1140\" \/>\n\t<meta property=\"og:image:height\" content=\"760\" \/>\n\t<meta property=\"og:image:type\" content=\"image\/jpeg\" \/>\n<meta name=\"twitter:card\" content=\"summary_large_image\" \/>\n<meta name=\"twitter:label1\" content=\"Est. reading time\" \/>\n\t<meta name=\"twitter:data1\" content=\"9 minutes\" \/>\n<script type=\"application\/ld+json\" class=\"yoast-schema-graph\">{\"@context\":\"https:\\\/\\\/schema.org\",\"@graph\":[{\"@type\":\"WebPage\",\"@id\":\"https:\\\/\\\/chez-octave.com\\\/en\\\/about-us\\\/\",\"url\":\"https:\\\/\\\/chez-octave.com\\\/en\\\/about-us\\\/\",\"name\":\"About us\",\"isPartOf\":{\"@id\":\"https:\\\/\\\/chez-octave.com\\\/en\\\/#website\"},\"datePublished\":\"2024-03-27T09:31:45+00:00\",\"dateModified\":\"2024-11-21T23:42:36+00:00\",\"description\":\"At Octave, here's a new Pyrenean project you'll be discovering very soon.\",\"breadcrumb\":{\"@id\":\"https:\\\/\\\/chez-octave.com\\\/en\\\/about-us\\\/#breadcrumb\"},\"inLanguage\":\"en-US\",\"potentialAction\":[{\"@type\":\"ReadAction\",\"target\":[\"https:\\\/\\\/chez-octave.com\\\/en\\\/about-us\\\/\"]}]},{\"@type\":\"BreadcrumbList\",\"@id\":\"https:\\\/\\\/chez-octave.com\\\/en\\\/about-us\\\/#breadcrumb\",\"itemListElement\":[{\"@type\":\"ListItem\",\"position\":1,\"name\":\"Accueil\",\"item\":\"https:\\\/\\\/chez-octave.com\\\/en\\\/home-v2\\\/\"},{\"@type\":\"ListItem\",\"position\":2,\"name\":\"About us\"}]},{\"@type\":\"WebSite\",\"@id\":\"https:\\\/\\\/chez-octave.com\\\/en\\\/#website\",\"url\":\"https:\\\/\\\/chez-octave.com\\\/en\\\/\",\"name\":\"Chez Octave\",\"description\":\"Col du Tourmalet 1910\",\"potentialAction\":[{\"@type\":\"SearchAction\",\"target\":{\"@type\":\"EntryPoint\",\"urlTemplate\":\"https:\\\/\\\/chez-octave.com\\\/en\\\/?s={search_term_string}\"},\"query-input\":{\"@type\":\"PropertyValueSpecification\",\"valueRequired\":true,\"valueName\":\"search_term_string\"}}],\"inLanguage\":\"en-US\"}]}<\/script>\n<!-- \/ Yoast SEO plugin. -->","yoast_head_json":{"title":"About us","description":"At Octave, here's a new Pyrenean project you'll be discovering very soon.","robots":{"index":"index","follow":"follow","max-snippet":"max-snippet:-1","max-image-preview":"max-image-preview:large","max-video-preview":"max-video-preview:-1"},"canonical":"https:\/\/chez-octave.com\/en\/about-us\/","og_locale":"en_US","og_type":"article","og_title":"About us","og_description":"At Octave, here's a new Pyrenean project you'll be discovering very soon.","og_url":"https:\/\/chez-octave.com\/en\/about-us\/","og_site_name":"Chez Octave","article_modified_time":"2024-11-21T23:42:36+00:00","og_image":[{"width":1140,"height":760,"url":"https:\/\/chez-octave.com\/wp-content\/uploads\/2023\/06\/Devanture-Chez-Octave.jpg","type":"image\/jpeg"}],"twitter_card":"summary_large_image","twitter_misc":{"Est. reading time":"9 minutes"},"schema":{"@context":"https:\/\/schema.org","@graph":[{"@type":"WebPage","@id":"https:\/\/chez-octave.com\/en\/about-us\/","url":"https:\/\/chez-octave.com\/en\/about-us\/","name":"About us","isPartOf":{"@id":"https:\/\/chez-octave.com\/en\/#website"},"datePublished":"2024-03-27T09:31:45+00:00","dateModified":"2024-11-21T23:42:36+00:00","description":"At Octave, here's a new Pyrenean project you'll be discovering very soon.","breadcrumb":{"@id":"https:\/\/chez-octave.com\/en\/about-us\/#breadcrumb"},"inLanguage":"en-US","potentialAction":[{"@type":"ReadAction","target":["https:\/\/chez-octave.com\/en\/about-us\/"]}]},{"@type":"BreadcrumbList","@id":"https:\/\/chez-octave.com\/en\/about-us\/#breadcrumb","itemListElement":[{"@type":"ListItem","position":1,"name":"Accueil","item":"https:\/\/chez-octave.com\/en\/home-v2\/"},{"@type":"ListItem","position":2,"name":"About us"}]},{"@type":"WebSite","@id":"https:\/\/chez-octave.com\/en\/#website","url":"https:\/\/chez-octave.com\/en\/","name":"Chez Octave","description":"Col du Tourmalet 1910","potentialAction":[{"@type":"SearchAction","target":{"@type":"EntryPoint","urlTemplate":"https:\/\/chez-octave.com\/en\/?s={search_term_string}"},"query-input":{"@type":"PropertyValueSpecification","valueRequired":true,"valueName":"search_term_string"}}],"inLanguage":"en-US"}]}},"jetpack_sharing_enabled":true,"_links":{"self":[{"href":"https:\/\/chez-octave.com\/en\/wp-json\/wp\/v2\/pages\/23419133","targetHints":{"allow":["GET"]}}],"collection":[{"href":"https:\/\/chez-octave.com\/en\/wp-json\/wp\/v2\/pages"}],"about":[{"href":"https:\/\/chez-octave.com\/en\/wp-json\/wp\/v2\/types\/page"}],"author":[{"embeddable":true,"href":"https:\/\/chez-octave.com\/en\/wp-json\/wp\/v2\/users\/2"}],"replies":[{"embeddable":true,"href":"https:\/\/chez-octave.com\/en\/wp-json\/wp\/v2\/comments?post=23419133"}],"version-history":[{"count":11,"href":"https:\/\/chez-octave.com\/en\/wp-json\/wp\/v2\/pages\/23419133\/revisions"}],"predecessor-version":[{"id":23421135,"href":"https:\/\/chez-octave.com\/en\/wp-json\/wp\/v2\/pages\/23419133\/revisions\/23421135"}],"wp:attachment":[{"href":"https:\/\/chez-octave.com\/en\/wp-json\/wp\/v2\/media?parent=23419133"}],"wp:term":[{"taxonomy":"dipi_cpt_category","embeddable":true,"href":"https:\/\/chez-octave.com\/en\/wp-json\/wp\/v2\/dipi_cpt_category?post=23419133"}],"curies":[{"name":"wp","href":"https:\/\/api.w.org\/{rel}","templated":true}]}}